{"id":1421,"date":"2019-12-18T10:52:39","date_gmt":"2019-12-18T10:52:39","guid":{"rendered":"https:\/\/victorthemes.com\/themes\/segovia\/?page_id=1421"},"modified":"2025-12-31T10:55:55","modified_gmt":"2025-12-31T10:55:55","slug":"home","status":"publish","type":"page","link":"https:\/\/justynachodkowska.pl\/index.php\/home\/","title":{"rendered":"Home"},"content":{"rendered":"\t\t<div data-elementor-type=\"wp-page\" data-elementor-id=\"1421\" class=\"elementor elementor-1421\">\n\t\t\t\t\t\t<section class=\"elementor-section elementor-top-section elementor-element elementor-element-640e922 elementor-section-stretched elementor-section-height-min-height elementor-section-items-top elementor-section-boxed elementor-section-height-default\" data-id=\"640e922\" data-element_type=\"section\" data-settings=\"{&quot;stretch_section&quot;:&quot;section-stretched&quot;,&quot;background_background&quot;:&quot;classic&quot;}\">\n\t\t\t\t\t\t\t<div class=\"elementor-background-overlay\"><\/div>\n\t\t\t\t\t\t\t<div class=\"elementor-container elementor-column-gap-default\">\n\t\t\t\t\t<div class=\"elementor-column elementor-col-50 elementor-top-column elementor-element elementor-element-54eb4b9\" data-id=\"54eb4b9\" data-element_type=\"column\" data-settings=\"{&quot;background_background&quot;:&quot;classic&quot;}\">\n\t\t\t<div class=\"elementor-widget-wrap elementor-element-populated\">\n\t\t\t\t\t\t<div class=\"elementor-element elementor-element-1d7d163d elementor-widget elementor-widget-vt-segovia_section_title\" data-id=\"1d7d163d\" data-element_type=\"widget\" data-widget_type=\"vt-segovia_section_title.default\">\n\t\t\t\t<div class=\"elementor-widget-container\">\n\t\t\t\t\t<div class=\"section-title-wrap hav-sep hav-icon hav-animation\">\n        <div class=\"sec-title\"><h2 class=\"section-title\">Nie robi\u0119 \u0142adnych grafik. <\/h2><h2 class=\"section-title section-title-two\">Tworz\u0119 takie, kt\u00f3re DZIA\u0141AJ\u0104<\/h2><\/div><div class=\"segva-link-wrap\"><a href=\"http:\/\/justynachodkowska.pl\"   class=\"segva-link\">Zobacz portfolio >><\/a><\/div>\n      <\/div>\t\t\t\t<\/div>\n\t\t\t\t<\/div>\n\t\t\t\t<div class=\"elementor-element elementor-element-169892f4 elementor-widget elementor-widget-vt-segovia_boot_accordion\" data-id=\"169892f4\" data-element_type=\"widget\" data-widget_type=\"vt-segovia_boot_accordion.default\">\n\t\t\t\t<div class=\"elementor-widget-container\">\n\t\t\t\t\t<div class=\"faq-wrap  acc-style-two hide-border\"><div id=\"accordion\" class=\"accordion collapse-others\"><div class=\"card show\">\r\n\t\t\t\t\t              <div class=\"card-header\" id=\"headingOne169d53749ca204\">\r\n\t\t\t\t\t                <h4 class=\"accordion-title\">\r\n\t\t\t\t\t                  <button class=\"btn btn-link \" data-toggle=\"collapse\" data-target=\"#segvaAcc-169d53749ca204\" aria-expanded=\"true\" aria-controls=\"segvaAcc-169d53749ca204\">\r\n\t\t\t\t\t\t\t\t\t\t          Grafika\r\n\t\t\t\t\t\t\t\t\t\t        <\/button>\r\n\t\t\t\t\t                <\/h4>\r\n\t\t\t\t\t              <\/div>\r\n\t\t\t\t\t              <div id=\"segvaAcc-169d53749ca204\" class=\"collapse  show\" data-parent=\"#accordion\">\r\n\t\t\t\t\t\t\t\t\t        <div class=\"card-body\">\r\n\t\t\t\t\t\t\t\t\t          <p>Projektuj\u0119 grafiki reklamowe - do promocji online (banery, social media, landing pages, layouty stron internetowych) oraz do druku (billboardy, ulotki, wizyt\u00f3wki, gad\u017cety firmowe, reklamy prasowe, opakowania, itp.).<\/p>\r\n\t\t\t\t\t\t\t\t\t        <\/div>\r\n\t\t\t\t\t\t\t\t\t      <\/div>\r\n\t\t\t\t\t            <\/div><div class=\"card\">\r\n\t\t\t\t\t              <div class=\"card-header\" id=\"headingOne269d53749ca21f\">\r\n\t\t\t\t\t                <h4 class=\"accordion-title\">\r\n\t\t\t\t\t                  <button class=\"btn btn-link collapsed\" data-toggle=\"collapse\" data-target=\"#segvaAcc-269d53749ca21f\" aria-expanded=\"true\" aria-controls=\"segvaAcc-269d53749ca21f\">\r\n\t\t\t\t\t\t\t\t\t\t          Animacja\r\n\t\t\t\t\t\t\t\t\t\t        <\/button>\r\n\t\t\t\t\t                <\/h4>\r\n\t\t\t\t\t              <\/div>\r\n\t\t\t\t\t              <div id=\"segvaAcc-269d53749ca21f\" class=\"collapse \" data-parent=\"#accordion\">\r\n\t\t\t\t\t\t\t\t\t        <div class=\"card-body\">\r\n\t\t\t\t\t\t\t\t\t          <p>Wideo jest obecnie najbardziej po\u017c\u0105danym formatem reklamowym. Przygotuj\u0119 dla Ciebie animacje na social media, a tak\u017ce profesjonalny spot reklamowy od A do Z. Zajmuj\u0119 si\u0119 te\u017c wszelkimi formatami niestandardowymi, jak animacje LED czy oprawy sceniczne.<\/p>\r\n\t\t\t\t\t\t\t\t\t        <\/div>\r\n\t\t\t\t\t\t\t\t\t      <\/div>\r\n\t\t\t\t\t            <\/div><div class=\"card\">\r\n\t\t\t\t\t              <div class=\"card-header\" id=\"headingOne369d53749ca226\">\r\n\t\t\t\t\t                <h4 class=\"accordion-title\">\r\n\t\t\t\t\t                  <button class=\"btn btn-link collapsed\" data-toggle=\"collapse\" data-target=\"#segvaAcc-369d53749ca226\" aria-expanded=\"true\" aria-controls=\"segvaAcc-369d53749ca226\">\r\n\t\t\t\t\t\t\t\t\t\t          Web\/UI design\r\n\t\t\t\t\t\t\t\t\t\t        <\/button>\r\n\t\t\t\t\t                <\/h4>\r\n\t\t\t\t\t              <\/div>\r\n\t\t\t\t\t              <div id=\"segvaAcc-369d53749ca226\" class=\"collapse \" data-parent=\"#accordion\">\r\n\t\t\t\t\t\t\t\t\t        <div class=\"card-body\">\r\n\t\t\t\t\t\t\t\t\t          <p>Projektuj\u0119 strony internetowe, aplikacje, landing pages. Stawiam strony na WordPress oraz Webflow. <\/p>\r\n\t\t\t\t\t\t\t\t\t        <\/div>\r\n\t\t\t\t\t\t\t\t\t      <\/div>\r\n\t\t\t\t\t            <\/div><div class=\"card\">\r\n\t\t\t\t\t              <div class=\"card-header\" id=\"headingOne469d53749ca22d\">\r\n\t\t\t\t\t                <h4 class=\"accordion-title\">\r\n\t\t\t\t\t                  <button class=\"btn btn-link collapsed\" data-toggle=\"collapse\" data-target=\"#segvaAcc-469d53749ca22d\" aria-expanded=\"true\" aria-controls=\"segvaAcc-469d53749ca22d\">\r\n\t\t\t\t\t\t\t\t\t\t          Branding\r\n\t\t\t\t\t\t\t\t\t\t        <\/button>\r\n\t\t\t\t\t                <\/h4>\r\n\t\t\t\t\t              <\/div>\r\n\t\t\t\t\t              <div id=\"segvaAcc-469d53749ca22d\" class=\"collapse \" data-parent=\"#accordion\">\r\n\t\t\t\t\t\t\t\t\t        <div class=\"card-body\">\r\n\t\t\t\t\t\t\t\t\t          <p>Projektuj\u0119 loga i identyfikacje wizualne marek. Pomog\u0119 stworzy\u0107 Ci strategi\u0119 marki, zrobi\u0119 audyt, analiz\u0119 rynku oraz grupy docelowej.<\/p>\r\n\t\t\t\t\t\t\t\t\t        <\/div>\r\n\t\t\t\t\t\t\t\t\t      <\/div>\r\n\t\t\t\t\t            <\/div><div class=\"card\">\r\n\t\t\t\t\t              <div class=\"card-header\" id=\"headingOne569d53749ca233\">\r\n\t\t\t\t\t                <h4 class=\"accordion-title\">\r\n\t\t\t\t\t                  <button class=\"btn btn-link collapsed\" data-toggle=\"collapse\" data-target=\"#segvaAcc-569d53749ca233\" aria-expanded=\"true\" aria-controls=\"segvaAcc-569d53749ca233\">\r\n\t\t\t\t\t\t\t\t\t\t          Mentoring\r\n\t\t\t\t\t\t\t\t\t\t        <\/button>\r\n\t\t\t\t\t                <\/h4>\r\n\t\t\t\t\t              <\/div>\r\n\t\t\t\t\t              <div id=\"segvaAcc-569d53749ca233\" class=\"collapse \" data-parent=\"#accordion\">\r\n\t\t\t\t\t\t\t\t\t        <div class=\"card-body\">\r\n\t\t\t\t\t\t\t\t\t          <p>Pomagam projektantom doskonali\u0107 umiej\u0119tno\u015bci i osi\u0105ga\u0107 cele zawodowe w bran\u017cy graficznej. Wspieram ich w wychodzeniu z kryzysu tw\u00f3rczego prowadz\u0105c mentoring 1:1<\/p>\r\n\t\t\t\t\t\t\t\t\t        <\/div>\r\n\t\t\t\t\t\t\t\t\t      <\/div>\r\n\t\t\t\t\t            <\/div><\/div><\/div>\t\t\t\t<\/div>\n\t\t\t\t<\/div>\n\t\t\t\t\t<\/div>\n\t\t<\/div>\n\t\t\t\t<div class=\"elementor-column elementor-col-50 elementor-top-column elementor-element elementor-element-4ddea91\" data-id=\"4ddea91\" data-element_type=\"column\">\n\t\t\t<div class=\"elementor-widget-wrap\">\n\t\t\t\t\t\t\t<\/div>\n\t\t<\/div>\n\t\t\t\t\t<\/div>\n\t\t<\/section>\n\t\t\t\t<section class=\"elementor-section elementor-top-section elementor-element elementor-element-7dc0d88b elementor-section-stretched elementor-section-content-middle elementor-section-boxed elementor-section-height-default elementor-section-height-default\" data-id=\"7dc0d88b\" data-element_type=\"section\" data-settings=\"{&quot;stretch_section&quot;:&quot;section-stretched&quot;}\">\n\t\t\t\t\t\t<div class=\"elementor-container elementor-column-gap-default\">\n\t\t\t\t\t<div class=\"elementor-column elementor-col-33 elementor-top-column elementor-element elementor-element-530991c5\" data-id=\"530991c5\" data-element_type=\"column\">\n\t\t\t<div class=\"elementor-widget-wrap elementor-element-populated\">\n\t\t\t\t\t\t<div class=\"elementor-element elementor-element-7610900d elementor-widget elementor-widget-vt-segovia_section_title\" data-id=\"7610900d\" data-element_type=\"widget\" data-widget_type=\"vt-segovia_section_title.default\">\n\t\t\t\t<div class=\"elementor-widget-container\">\n\t\t\t\t\t<div class=\"section-title-wrap hav-sep hav-icon hav-animation\">\n        <div class=\"sec-title\"><h2 class=\"section-title\">Cli<\/h2><h2 class=\"section-title section-title-two\">Ents<\/h2><\/div>\n      <\/div>\t\t\t\t<\/div>\n\t\t\t\t<\/div>\n\t\t\t\t\t<\/div>\n\t\t<\/div>\n\t\t\t\t<div class=\"elementor-column elementor-col-66 elementor-top-column elementor-element elementor-element-21e6c887\" data-id=\"21e6c887\" data-element_type=\"column\">\n\t\t\t<div class=\"elementor-widget-wrap elementor-element-populated\">\n\t\t\t\t\t\t<div class=\"elementor-element elementor-element-7b787e23 elementor-widget elementor-widget-vt-segovia_client\" data-id=\"7b787e23\" data-element_type=\"widget\" data-settings=\"{&quot;client_column&quot;:&quot;segva-client-col-4&quot;}\" data-widget_type=\"vt-segovia_client.default\">\n\t\t\t\t<div class=\"elementor-widget-container\">\n\t\t\t\t\t<div class=\"segva-clients  three-column\"><div class=\"segva-item client-item\"><div class=\"segva-image\"><img decoding=\"async\" src=\"https:\/\/justynachodkowska.pl\/wp-content\/uploads\/2023\/01\/RAS-1.png\" alt=\"Client\" style=\"width: 180px; height: 50px;\"><\/div><\/div><div class=\"segva-item client-item\"><div class=\"segva-image\"><img decoding=\"async\" src=\"https:\/\/justynachodkowska.pl\/wp-content\/uploads\/2023\/01\/mazowieckiin_kultury-1.png\" alt=\"Client\" style=\"width: 180px; height: 50px;\"><\/div><\/div><div class=\"segva-item client-item\"><div class=\"segva-image\"><img decoding=\"async\" src=\"https:\/\/justynachodkowska.pl\/wp-content\/uploads\/2023\/01\/Wp-1.png\" alt=\"Client\" style=\"width: 180px; height: 50px;\"><\/div><\/div><div class=\"segva-item client-item\"><div class=\"segva-image\"><img decoding=\"async\" src=\"https:\/\/justynachodkowska.pl\/wp-content\/uploads\/2025\/12\/PISF_LOGO_PL_small-6.png\" alt=\"Polski Instytut Sztuki Filmowej\" style=\"width: 202px; height: 49px;\"><\/div><\/div><div class=\"segva-item client-item\"><div class=\"segva-image\"><img decoding=\"async\" src=\"https:\/\/justynachodkowska.pl\/wp-content\/uploads\/2023\/01\/open_fm-1.png\" alt=\"Client\" style=\"width: 180px; height: 50px;\"><\/div><\/div><div class=\"segva-item client-item\"><div class=\"segva-image\"><img decoding=\"async\" src=\"https:\/\/justynachodkowska.pl\/wp-content\/uploads\/2023\/01\/newsweek-1.png\" alt=\"Client\" style=\"width: 180px; height: 50px;\"><\/div><\/div><div class=\"segva-item client-item\"><div class=\"segva-image\"><img decoding=\"async\" src=\"https:\/\/justynachodkowska.pl\/wp-content\/uploads\/2023\/01\/player-1.png\" alt=\"\" style=\"width: 180px; height: 50px;\"><\/div><\/div><div class=\"segva-item client-item\"><div class=\"segva-image\"><img decoding=\"async\" src=\"https:\/\/justynachodkowska.pl\/wp-content\/uploads\/2023\/01\/pilot-1.png\" alt=\"\" style=\"width: 180px; height: 50px;\"><\/div><\/div><div class=\"segva-item client-item\"><div class=\"segva-image\"><img decoding=\"async\" src=\"https:\/\/justynachodkowska.pl\/wp-content\/uploads\/2023\/01\/forbes.png\" alt=\"\" style=\"width: 180px; height: 50px;\"><\/div><\/div><\/div>\t\t\t\t<\/div>\n\t\t\t\t<\/div>\n\t\t\t\t\t<\/div>\n\t\t<\/div>\n\t\t\t\t\t<\/div>\n\t\t<\/section>\n\t\t\t\t<section class=\"elementor-section elementor-top-section elementor-element elementor-element-a96b437 elementor-section-stretched elementor-section-full_width elementor-section-height-min-height elementor-section-height-default elementor-section-items-middle\" data-id=\"a96b437\" data-element_type=\"section\" data-settings=\"{&quot;stretch_section&quot;:&quot;section-stretched&quot;}\">\n\t\t\t\t\t\t<div class=\"elementor-container elementor-column-gap-default\">\n\t\t\t\t\t<div class=\"elementor-column elementor-col-100 elementor-top-column elementor-element elementor-element-c40c9a1\" data-id=\"c40c9a1\" data-element_type=\"column\">\n\t\t\t<div class=\"elementor-widget-wrap elementor-element-populated\">\n\t\t\t\t\t\t<div class=\"elementor-element elementor-element-3eebbb8 elementor-widget-divider--separator-type-pattern elementor-widget-divider--view-line elementor-widget elementor-widget-divider\" data-id=\"3eebbb8\" data-element_type=\"widget\" data-widget_type=\"divider.default\">\n\t\t\t\t<div class=\"elementor-widget-container\">\n\t\t\t\t\t\t\t<div class=\"elementor-divider\" style=\"--divider-pattern-url: url(&quot;data:image\/svg+xml,%3Csvg xmlns=&#039;http:\/\/www.w3.org\/2000\/svg&#039; preserveAspectRatio=&#039;none&#039; overflow=&#039;visible&#039; height=&#039;100%&#039; viewBox=&#039;0 0 20 16&#039; fill=&#039;none&#039; stroke=&#039;black&#039; stroke-width=&#039;1&#039; stroke-linecap=&#039;square&#039; stroke-miterlimit=&#039;10&#039;%3E%3Cg transform=&#039;translate(-12.000000, 0)&#039;%3E%3Cpath d=&#039;M28,0L10,18&#039;\/%3E%3Cpath d=&#039;M18,0L0,18&#039;\/%3E%3Cpath d=&#039;M48,0L30,18&#039;\/%3E%3Cpath d=&#039;M38,0L20,18&#039;\/%3E%3C\/g%3E%3C\/svg%3E&quot;);\">\n\t\t\t<span class=\"elementor-divider-separator\">\n\t\t\t\t\t\t<\/span>\n\t\t<\/div>\n\t\t\t\t\t\t<\/div>\n\t\t\t\t<\/div>\n\t\t\t\t\t<\/div>\n\t\t<\/div>\n\t\t\t\t\t<\/div>\n\t\t<\/section>\n\t\t\t\t<section class=\"elementor-section elementor-top-section elementor-element elementor-element-c6d29e7 elementor-section-stretched elementor-section-height-min-height elementor-section-boxed elementor-section-height-default elementor-section-items-middle\" data-id=\"c6d29e7\" data-element_type=\"section\" data-settings=\"{&quot;stretch_section&quot;:&quot;section-stretched&quot;}\">\n\t\t\t\t\t\t<div class=\"elementor-container elementor-column-gap-default\">\n\t\t\t\t\t<div class=\"elementor-column elementor-col-100 elementor-top-column elementor-element elementor-element-8487fda\" data-id=\"8487fda\" data-element_type=\"column\">\n\t\t\t<div class=\"elementor-widget-wrap elementor-element-populated\">\n\t\t\t\t\t\t<div class=\"elementor-element elementor-element-5d822a3 elementor-widget elementor-widget-vt-segovia_section_title\" data-id=\"5d822a3\" data-element_type=\"widget\" data-widget_type=\"vt-segovia_section_title.default\">\n\t\t\t\t<div class=\"elementor-widget-container\">\n\t\t\t\t\t<div class=\"section-title-wrap hav-sep dhav-icon hav-animation\">\n        <div class=\"sec-title\"><h2 class=\"section-title section-title-two\">Potrzebujesz grafiki lub animacji?<\/h2><\/div><div class=\"sec-content\"><p>Napisz do mnie:   chodkowska.justyna@gmail.com<\/p><\/div>\n      <\/div>\t\t\t\t<\/div>\n\t\t\t\t<\/div>\n\t\t\t\t\t<\/div>\n\t\t<\/div>\n\t\t\t\t\t<\/div>\n\t\t<\/section>\n\t\t\t\t<section class=\"elementor-section elementor-top-section elementor-element elementor-element-bb63784 elementor-section-boxed elementor-section-height-default elementor-section-height-default\" data-id=\"bb63784\" data-element_type=\"section\">\n\t\t\t\t\t\t<div class=\"elementor-container elementor-column-gap-default\">\n\t\t\t\t\t<div class=\"elementor-column elementor-col-100 elementor-top-column elementor-element elementor-element-4ee67db\" data-id=\"4ee67db\" data-element_type=\"column\">\n\t\t\t<div class=\"elementor-widget-wrap elementor-element-populated\">\n\t\t\t\t\t\t<div class=\"elementor-element elementor-element-b444f68 elementor-widget elementor-widget-vt-segovia_social_icons\" data-id=\"b444f68\" data-element_type=\"widget\" data-widget_type=\"vt-segovia_social_icons.default\">\n\t\t\t\t<div class=\"elementor-widget-container\">\n\t\t\t\t\t<div class=\"social-section\"><div class=\"segva-social \">\t\t\t\t\t<a href=\"https:\/\/www.behance.net\/justynachodkow\" target=\"_blank\" rel=\"nofollow\" class=\"icon-fa-behance\"><i class=\"fa fa-behance\"><\/i><\/a>\r\n\t\t\t\t\t\t\t\t<a href=\"https:\/\/www.linkedin.com\/in\/justyna-chodkowska-aa363520a\/?originalSubdomain=pl\" target=\"_blank\" rel=\"nofollow\" class=\"icon-fa-linkedin\"><i class=\"fa fa-linkedin\"><\/i><\/a>\r\n\t\t\t<\/div><\/div>\t\t\t\t<\/div>\n\t\t\t\t<\/div>\n\t\t\t\t\t<\/div>\n\t\t<\/div>\n\t\t\t\t\t<\/div>\n\t\t<\/section>\n\t\t\t\t<\/div>\n\t\t","protected":false},"excerpt":{"rendered":"Nie robi\u0119 \u0142adnych grafik. Tworz\u0119 takie, kt\u00f3re DZIA\u0141AJ\u0104 Zobacz portfolio >> Grafika Projektuj\u0119 grafiki reklamowe &#8211; do promocji online (banery, social media, landing pages, layouty stron internetowych) oraz do druku (billboardy, ulotki, wizyt\u00f3wki, gad\u017cety firmowe, reklamy prasowe, opakowania, itp.). Animacja Wideo jest obecnie najbardziej po\u017c\u0105danym formatem reklamowym. Przygotuj\u0119 dla Ciebie animacje na social media, a&#8230;","protected":false},"author":1,"featured_media":0,"parent":0,"menu_order":0,"comment_status":"closed","ping_status":"closed","template":"","meta":{"footnotes":""},"class_list":["post-1421","page","type-page","status-publish","hentry"],"_links":{"self":[{"href":"https:\/\/justynachodkowska.pl\/index.php\/wp-json\/wp\/v2\/pages\/1421","targetHints":{"allow":["GET"]}}],"collection":[{"href":"https:\/\/justynachodkowska.pl\/index.php\/wp-json\/wp\/v2\/pages"}],"about":[{"href":"https:\/\/justynachodkowska.pl\/index.php\/wp-json\/wp\/v2\/types\/page"}],"author":[{"embeddable":true,"href":"https:\/\/justynachodkowska.pl\/index.php\/wp-json\/wp\/v2\/users\/1"}],"replies":[{"embeddable":true,"href":"https:\/\/justynachodkowska.pl\/index.php\/wp-json\/wp\/v2\/comments?post=1421"}],"version-history":[{"count":148,"href":"https:\/\/justynachodkowska.pl\/index.php\/wp-json\/wp\/v2\/pages\/1421\/revisions"}],"predecessor-version":[{"id":4026,"href":"https:\/\/justynachodkowska.pl\/index.php\/wp-json\/wp\/v2\/pages\/1421\/revisions\/4026"}],"wp:attachment":[{"href":"https:\/\/justynachodkowska.pl\/index.php\/wp-json\/wp\/v2\/media?parent=1421"}],"curies":[{"name":"wp","href":"https:\/\/api.w.org\/{rel}","templated":true}]}}