{"id":343,"date":"2019-04-10T08:56:18","date_gmt":"2019-04-10T08:56:18","guid":{"rendered":"https:\/\/victorthemes.com\/themes\/segovia\/?page_id=343"},"modified":"2025-12-31T11:00:27","modified_gmt":"2025-12-31T11:00:27","slug":"contact-us","status":"publish","type":"page","link":"https:\/\/justynachodkowska.pl\/index.php\/contact-us\/","title":{"rendered":"Contact Us"},"content":{"rendered":"\t\t<div data-elementor-type=\"wp-post\" data-elementor-id=\"343\" class=\"elementor elementor-343\">\n\t\t\t\t\t\t<section class=\"elementor-section elementor-top-section elementor-element elementor-element-fd309fa elementor-section-stretched elementor-section-boxed elementor-section-height-default elementor-section-height-default\" data-id=\"fd309fa\" data-element_type=\"section\" data-settings=\"{&quot;stretch_section&quot;:&quot;section-stretched&quot;}\">\n\t\t\t\t\t\t<div class=\"elementor-container elementor-column-gap-default\">\n\t\t\t\t\t<div class=\"elementor-column elementor-col-100 elementor-top-column elementor-element elementor-element-a3784ca\" data-id=\"a3784ca\" data-element_type=\"column\">\n\t\t\t<div class=\"elementor-widget-wrap elementor-element-populated\">\n\t\t\t\t\t\t<div class=\"elementor-element elementor-element-d44d6b0 elementor-widget elementor-widget-spacer\" data-id=\"d44d6b0\" data-element_type=\"widget\" data-widget_type=\"spacer.default\">\n\t\t\t\t<div class=\"elementor-widget-container\">\n\t\t\t\t\t\t\t<div class=\"elementor-spacer\">\n\t\t\t<div class=\"elementor-spacer-inner\"><\/div>\n\t\t<\/div>\n\t\t\t\t\t\t<\/div>\n\t\t\t\t<\/div>\n\t\t\t\t\t<\/div>\n\t\t<\/div>\n\t\t\t\t\t<\/div>\n\t\t<\/section>\n\t\t\t\t<section class=\"elementor-section elementor-top-section elementor-element elementor-element-5e440b6 elementor-section-stretched elementor-section-boxed elementor-section-height-default elementor-section-height-default\" data-id=\"5e440b6\" data-element_type=\"section\" data-settings=\"{&quot;stretch_section&quot;:&quot;section-stretched&quot;}\">\n\t\t\t\t\t\t<div class=\"elementor-container elementor-column-gap-default\">\n\t\t\t\t\t<div class=\"elementor-column elementor-col-100 elementor-top-column elementor-element elementor-element-3708b6f\" data-id=\"3708b6f\" data-element_type=\"column\">\n\t\t\t<div class=\"elementor-widget-wrap elementor-element-populated\">\n\t\t\t\t\t\t<div class=\"elementor-element elementor-element-c35c393 elementor-widget elementor-widget-vt-segovia_contact_address\" data-id=\"c35c393\" data-element_type=\"widget\" data-widget_type=\"vt-segovia_contact_address.default\">\n\t\t\t\t<div class=\"elementor-widget-container\">\n\t\t\t\t\t<div class=\"segva-contact-address\"><div class=\"containerr\"> <div class=\"row\"><div class=\"contact-item-wrap\">\r\n\t            <div class=\"segva-item contact-addrs-item\">\r\n\t             <h4 class=\"contact-addrs-title\">KONTAKT<\/h4><p>chodkowska.justyna@gmail.com\nmobile:  503 069 337<\/p>\r\n\t            <\/div>\r\n\t          <\/div><div class=\"contact-item-wrap\">\r\n\t            <div class=\"segva-item contact-addrs-item\">\r\n\t             <h4 class=\"contact-addrs-title\">IG<\/h4><p>@justyna_chodkowska<\/p>\r\n\t            <\/div>\r\n\t          <\/div><div class=\"contact-item-wrap\">\r\n\t            <div class=\"segva-item contact-addrs-item\">\r\n\t             <h4 class=\"contact-addrs-title\">WYCENA<\/h4><p>Darmowa wycena projektu jedynie po zapoznaniu si\u0119 z pe\u0142nym zleceniem (brief).<\/p>\r\n\t            <\/div>\r\n\t          <\/div> <\/div><li class=\"contact-address-line\" style=\"width: 154px; left: 560px; overflow: hidden;\"><\/li><\/div><\/div>\t\t\t\t<\/div>\n\t\t\t\t<\/div>\n\t\t\t\t<div class=\"elementor-element elementor-element-e1b2791 elementor-widget elementor-widget-vt-segovia_section_title\" data-id=\"e1b2791\" data-element_type=\"widget\" data-widget_type=\"vt-segovia_section_title.default\">\n\t\t\t\t<div class=\"elementor-widget-container\">\n\t\t\t\t\t<div class=\"section-title-wrap hav-sep hav-icon hav-animation\">\n        <div class=\"sec-title\"><h2 class=\"section-title\">Napisz do mnie<\/h2><\/div><div class=\"sec-content\"><p>Pami\u0119taj, \u017ce do wyceny zlecenia musz\u0119 mie\u0107 jak najwi\u0119cej informacji.<\/p><\/div>\n      <\/div>\t\t\t\t<\/div>\n\t\t\t\t<\/div>\n\t\t\t\t\t<\/div>\n\t\t<\/div>\n\t\t\t\t\t<\/div>\n\t\t<\/section>\n\t\t\t\t<section class=\"elementor-section elementor-top-section elementor-element elementor-element-accc951 elementor-section-content-middle elementor-section-boxed elementor-section-height-default elementor-section-height-default\" data-id=\"accc951\" data-element_type=\"section\">\n\t\t\t\t\t\t<div class=\"elementor-container elementor-column-gap-default\">\n\t\t\t\t\t<div class=\"elementor-column elementor-col-100 elementor-top-column elementor-element elementor-element-2646e0c\" data-id=\"2646e0c\" data-element_type=\"column\">\n\t\t\t<div class=\"elementor-widget-wrap elementor-element-populated\">\n\t\t\t\t\t\t<div class=\"elementor-element elementor-element-73d3a1b elementor-widget elementor-widget-vt-segovia_contact_form\" data-id=\"73d3a1b\" data-element_type=\"widget\" data-widget_type=\"vt-segovia_contact_form.default\">\n\t\t\t\t<div class=\"elementor-widget-container\">\n\t\t\t\t\t<div class=\"segva-contact-form segva-form\">\n<div class=\"wpcf7 no-js\" id=\"wpcf7-f350-o1\" lang=\"en-US\" dir=\"ltr\" data-wpcf7-id=\"350\">\n<div class=\"screen-reader-response\"><p role=\"status\" aria-live=\"polite\" aria-atomic=\"true\"><\/p> <ul><\/ul><\/div>\n<form action=\"\/index.php\/wp-json\/wp\/v2\/pages\/343#wpcf7-f350-o1\" method=\"post\" class=\"wpcf7-form init\" aria-label=\"Contact form\" novalidate=\"novalidate\" data-status=\"init\">\n<fieldset class=\"hidden-fields-container\"><input type=\"hidden\" name=\"_wpcf7\" value=\"350\" \/><input type=\"hidden\" name=\"_wpcf7_version\" value=\"6.1.1\" \/><input type=\"hidden\" name=\"_wpcf7_locale\" value=\"en_US\" \/><input type=\"hidden\" name=\"_wpcf7_unit_tag\" value=\"wpcf7-f350-o1\" \/><input type=\"hidden\" name=\"_wpcf7_container_post\" value=\"0\" \/><input type=\"hidden\" name=\"_wpcf7_posted_data_hash\" value=\"\" \/>\n<\/fieldset>\n<div class=\"row\">\n\t<div class=\"col-md-6\">\n\t\t<p><span class=\"wpcf7-form-control-wrap\" data-name=\"your-name\"><input size=\"40\" maxlength=\"400\" class=\"wpcf7-form-control wpcf7-text wpcf7-validates-as-required\" aria-required=\"true\" aria-invalid=\"false\" placeholder=\"Name*\" value=\"\" type=\"text\" name=\"your-name\" \/><\/span>\n\t\t<\/p>\n\t<\/div>\n\t<div class=\"col-md-6\">\n\t\t<p><span class=\"wpcf7-form-control-wrap\" data-name=\"your-email\"><input size=\"40\" maxlength=\"400\" class=\"wpcf7-form-control wpcf7-email wpcf7-validates-as-required wpcf7-text wpcf7-validates-as-email\" aria-required=\"true\" aria-invalid=\"false\" placeholder=\"Email*\" value=\"\" type=\"email\" name=\"your-email\" \/><\/span>\n\t\t<\/p>\n\t<\/div>\n\t<div class=\"col-md-12\">\n\t\t<p><span class=\"wpcf7-form-control-wrap\" data-name=\"your-subject\"><input size=\"40\" maxlength=\"400\" class=\"wpcf7-form-control wpcf7-text\" aria-invalid=\"false\" placeholder=\"Subject\" value=\"\" type=\"text\" name=\"your-subject\" \/><\/span>\n\t\t<\/p>\n\t<\/div>\n\t<div class=\"col-md-12\">\n\t\t<p><span class=\"wpcf7-form-control-wrap\" data-name=\"your-message\"><textarea cols=\"40\" rows=\"10\" maxlength=\"2000\" class=\"wpcf7-form-control wpcf7-textarea\" aria-invalid=\"false\" placeholder=\"Message\" name=\"your-message\"><\/textarea><\/span>\n\t\t<\/p>\n\t<\/div>\n\t<div class=\"col-md-12 text-center\">\n\t\t<p><input class=\"wpcf7-form-control wpcf7-submit has-spinner segva-link\" type=\"submit\" value=\"Send\" \/>\n\t\t<\/p>\n\t<\/div>\n<\/div><p style=\"display: none !important;\" class=\"akismet-fields-container\" data-prefix=\"_wpcf7_ak_\"><label>&#916;<textarea name=\"_wpcf7_ak_hp_textarea\" cols=\"45\" rows=\"8\" maxlength=\"100\"><\/textarea><\/label><input type=\"hidden\" id=\"ak_js_1\" name=\"_wpcf7_ak_js\" value=\"227\"\/><script>document.getElementById( \"ak_js_1\" ).setAttribute( \"value\", ( new Date() ).getTime() );<\/script><\/p><div class=\"wpcf7-response-output\" aria-hidden=\"true\"><\/div>\n<\/form>\n<\/div>\n<\/div>\t\t\t\t<\/div>\n\t\t\t\t<\/div>\n\t\t\t\t\t<\/div>\n\t\t<\/div>\n\t\t\t\t\t<\/div>\n\t\t<\/section>\n\t\t\t\t<section class=\"elementor-section elementor-top-section elementor-element elementor-element-51b2be5f elementor-section-boxed elementor-section-height-default elementor-section-height-default\" data-id=\"51b2be5f\" data-element_type=\"section\">\n\t\t\t\t\t\t<div class=\"elementor-container elementor-column-gap-default\">\n\t\t\t\t\t<div class=\"elementor-column elementor-col-100 elementor-top-column elementor-element elementor-element-4497c899\" data-id=\"4497c899\" data-element_type=\"column\">\n\t\t\t<div class=\"elementor-widget-wrap elementor-element-populated\">\n\t\t\t\t\t\t<div class=\"elementor-element elementor-element-7e9a3d9b elementor-widget elementor-widget-vt-segovia_social_icons\" data-id=\"7e9a3d9b\" data-element_type=\"widget\" data-widget_type=\"vt-segovia_social_icons.default\">\n\t\t\t\t<div class=\"elementor-widget-container\">\n\t\t\t\t\t<div class=\"social-section\"><div class=\"segva-social \">\t\t\t\t\t<a href=\"https:\/\/www.behance.net\/justynachodkow\" target=\"_blank\" rel=\"nofollow\" class=\"icon-fa-behance\"><i class=\"fa fa-behance\"><\/i><\/a>\r\n\t\t\t\t\t\t\t\t<a href=\"https:\/\/www.linkedin.com\/in\/justyna-chodkowska-aa363520a\/?originalSubdomain=pl\" target=\"_blank\" rel=\"nofollow\" class=\"icon-fa-linkedin\"><i class=\"fa fa-linkedin\"><\/i><\/a>\r\n\t\t\t<\/div><\/div>\t\t\t\t<\/div>\n\t\t\t\t<\/div>\n\t\t\t\t\t<\/div>\n\t\t<\/div>\n\t\t\t\t\t<\/div>\n\t\t<\/section>\n\t\t\t\t<\/div>\n\t\t","protected":false},"excerpt":{"rendered":"KONTAKT chodkowska.justyna@gmail.com mobile: 503 069 337 IG @justyna_chodkowska WYCENA Darmowa wycena projektu jedynie po zapoznaniu si\u0119 z pe\u0142nym zleceniem (brief). Napisz do mnie Pami\u0119taj, \u017ce do wyceny zlecenia musz\u0119 mie\u0107 jak najwi\u0119cej informacji. &#916;","protected":false},"author":1,"featured_media":0,"parent":0,"menu_order":0,"comment_status":"closed","ping_status":"closed","template":"","meta":{"footnotes":""},"class_list":["post-343","page","type-page","status-publish","hentry"],"_links":{"self":[{"href":"https:\/\/justynachodkowska.pl\/index.php\/wp-json\/wp\/v2\/pages\/343","targetHints":{"allow":["GET"]}}],"collection":[{"href":"https:\/\/justynachodkowska.pl\/index.php\/wp-json\/wp\/v2\/pages"}],"about":[{"href":"https:\/\/justynachodkowska.pl\/index.php\/wp-json\/wp\/v2\/types\/page"}],"author":[{"embeddable":true,"href":"https:\/\/justynachodkowska.pl\/index.php\/wp-json\/wp\/v2\/users\/1"}],"replies":[{"embeddable":true,"href":"https:\/\/justynachodkowska.pl\/index.php\/wp-json\/wp\/v2\/comments?post=343"}],"version-history":[{"count":66,"href":"https:\/\/justynachodkowska.pl\/index.php\/wp-json\/wp\/v2\/pages\/343\/revisions"}],"predecessor-version":[{"id":4032,"href":"https:\/\/justynachodkowska.pl\/index.php\/wp-json\/wp\/v2\/pages\/343\/revisions\/4032"}],"wp:attachment":[{"href":"https:\/\/justynachodkowska.pl\/index.php\/wp-json\/wp\/v2\/media?parent=343"}],"curies":[{"name":"wp","href":"https:\/\/api.w.org\/{rel}","templated":true}]}}